{"id":10063,"date":"2025-11-25T17:27:08","date_gmt":"2025-11-25T14:27:08","guid":{"rendered":"https:\/\/voka.io\/?page_id=10063"},"modified":"2025-11-27T13:19:37","modified_gmt":"2025-11-27T10:19:37","slug":"call-confirmed","status":"publish","type":"page","link":"https:\/\/voka.io\/pt\/call-confirmed\/","title":{"rendered":"Chamada confirmada"},"content":{"rendered":"","protected":false},"excerpt":{"rendered":"","protected":false},"author":13,"featured_media":0,"parent":0,"menu_order":0,"comment_status":"closed","ping_status":"closed","template":"templates\/brevo-confirmed.php","meta":{"_acf_changed":false,"footnotes":""},"class_list":["post-10063","page","type-page","status-publish","hentry"],"acf":[],"yoast_head":"<!-- This site is optimized with the Yoast SEO Premium plugin v23.6 (Yoast SEO v26.4) - https:\/\/yoast.com\/wordpress\/plugins\/seo\/ -->\n<title>Call confirmed | Voka<\/title>\n<meta name=\"robots\" content=\"index, follow, max-snippet:-1, max-image-preview:large, max-video-preview:-1\" \/>\n<link rel=\"canonical\" href=\"https:\/\/voka.io\/pt\/call-confirmed\/\" \/>\n<meta property=\"og:locale\" content=\"pt_PT\" \/>\n<meta property=\"og:type\" content=\"article\" \/>\n<meta property=\"og:title\" content=\"Call confirmed | Voka\" \/>\n<meta property=\"og:url\" content=\"https:\/\/voka.io\/pt\/call-confirmed\/\" \/>\n<meta property=\"og:site_name\" content=\"Voka\" \/>\n<meta property=\"article:publisher\" content=\"https:\/\/www.facebook.com\/VOKA3DAnatomyAndPathology\/\" \/>\n<meta property=\"article:modified_time\" content=\"2025-11-27T10:19:37+00:00\" \/>\n<meta name=\"twitter:card\" content=\"summary_large_image\" \/>\n<script type=\"application\/ld+json\" class=\"yoast-schema-graph\">{\"@context\":\"https:\/\/schema.org\",\"@graph\":[{\"@type\":\"Article\",\"@id\":\"https:\/\/voka.io\/pt\/call-confirmed\/#article\",\"isPartOf\":{\"@id\":\"https:\/\/voka.io\/pt\/call-confirmed\/\"},\"author\":{\"name\":\"Alesia\",\"@id\":\"https:\/\/voka.io\/pt\/#\/schema\/person\/ec4998f6f46b8b36823a628ffaf476b8\"},\"headline\":\"Call confirmed\",\"datePublished\":\"2025-11-25T14:27:08+00:00\",\"dateModified\":\"2025-11-27T10:19:37+00:00\",\"mainEntityOfPage\":{\"@id\":\"https:\/\/voka.io\/pt\/call-confirmed\/\"},\"wordCount\":2,\"publisher\":{\"@id\":\"https:\/\/voka.io\/pt\/#organization\"},\"inLanguage\":\"pt-PT\"},{\"@type\":\"WebPage\",\"@id\":\"https:\/\/voka.io\/pt\/call-confirmed\/\",\"url\":\"https:\/\/voka.io\/pt\/call-confirmed\/\",\"name\":\"Call confirmed | Voka\",\"isPartOf\":{\"@id\":\"https:\/\/voka.io\/pt\/#website\"},\"datePublished\":\"2025-11-25T14:27:08+00:00\",\"dateModified\":\"2025-11-27T10:19:37+00:00\",\"breadcrumb\":{\"@id\":\"https:\/\/voka.io\/pt\/call-confirmed\/#breadcrumb\"},\"inLanguage\":\"pt-PT\",\"potentialAction\":[{\"@type\":\"ReadAction\",\"target\":[\"https:\/\/voka.io\/pt\/call-confirmed\/\"]}]},{\"@type\":\"BreadcrumbList\",\"@id\":\"https:\/\/voka.io\/pt\/call-confirmed\/#breadcrumb\",\"itemListElement\":[{\"@type\":\"ListItem\",\"position\":1,\"name\":\"Home\",\"item\":\"https:\/\/voka.io\/pt\/\"},{\"@type\":\"ListItem\",\"position\":2,\"name\":\"Call confirmed\"}]},{\"@type\":\"WebSite\",\"@id\":\"https:\/\/voka.io\/pt\/#website\",\"url\":\"https:\/\/voka.io\/pt\/\",\"name\":\"Voka\",\"description\":\"\",\"publisher\":{\"@id\":\"https:\/\/voka.io\/pt\/#organization\"},\"alternateName\":\"Voka 3D Medical Visualization\",\"potentialAction\":[{\"@type\":\"SearchAction\",\"target\":{\"@type\":\"EntryPoint\",\"urlTemplate\":\"https:\/\/voka.io\/pt\/?s={search_term_string}\"},\"query-input\":{\"@type\":\"PropertyValueSpecification\",\"valueRequired\":true,\"valueName\":\"search_term_string\"}}],\"inLanguage\":\"pt-PT\"},{\"@type\":[\"Organization\",\"Place\"],\"@id\":\"https:\/\/voka.io\/pt\/#organization\",\"name\":\"Voka\",\"alternateName\":\"Voka 3D Medical Visualization\",\"url\":\"https:\/\/voka.io\/pt\/\",\"logo\":{\"@id\":\"https:\/\/voka.io\/pt\/call-confirmed\/#local-main-organization-logo\"},\"image\":{\"@id\":\"https:\/\/voka.io\/pt\/call-confirmed\/#local-main-organization-logo\"},\"sameAs\":[\"https:\/\/www.facebook.com\/VOKA3DAnatomyAndPathology\/\",\"https:\/\/www.instagram.com\/voka.io\/\",\"https:\/\/www.linkedin.com\/company\/voka-io\/\",\"https:\/\/www.youtube.com\/@vokaio\/\",\"https:\/\/www.pinterest.com\/voka3danatomyandpathology\/\",\"https:\/\/www.tiktok.com\/@voka.io\",\"https:\/\/www.threads.com\/@voka.io\"],\"description\":\"VOKA.io offers 3D medical animations and custom 3D modeling services. Our product, VOKA 3D Anatomy & Pathology, is a digital atlas with over 1,000 detailed 3D models of human anatomy and pathology, designed for medical education, training, and patient communication.\",\"legalName\":\"Voka\",\"foundingDate\":\"2017-02-12\",\"naics\":\"541512\",\"numberOfEmployees\":{\"@type\":\"QuantitativeValue\",\"minValue\":\"51\",\"maxValue\":\"200\"},\"publishingPrinciples\":\"https:\/\/voka.io\/pt\/publishing-principles\/\",\"address\":{\"@id\":\"https:\/\/voka.io\/pt\/call-confirmed\/#local-main-place-address\"},\"telephone\":[\"+18143514442\"],\"openingHoursSpecification\":{\"@type\":\"OpeningHoursSpecification\",\"dayOfWeek\":[\"Monday\",\"Tuesday\",\"Wednesday\",\"Thursday\",\"Friday\",\"Saturday\",\"Sunday\"],\"opens\":\"00:00\",\"closes\":\"23:59\"},\"email\":\"info@voka.io\"},{\"@type\":\"Person\",\"@id\":\"https:\/\/voka.io\/pt\/#\/schema\/person\/ec4998f6f46b8b36823a628ffaf476b8\",\"name\":\"Alesia\",\"image\":{\"@type\":\"ImageObject\",\"inLanguage\":\"pt-PT\",\"@id\":\"https:\/\/voka.io\/pt\/#\/schema\/person\/image\/\",\"url\":\"https:\/\/secure.gravatar.com\/avatar\/53bd013acf1f08b274fd500aae4a346eec54975fe33889fb824ab8849dc2bbf5?s=96&d=mm&r=g\",\"contentUrl\":\"https:\/\/secure.gravatar.com\/avatar\/53bd013acf1f08b274fd500aae4a346eec54975fe33889fb824ab8849dc2bbf5?s=96&d=mm&r=g\",\"caption\":\"Alesia\"}},{\"@type\":\"PostalAddress\",\"@id\":\"https:\/\/voka.io\/pt\/call-confirmed\/#local-main-place-address\",\"streetAddress\":\"St. Petersburg FL 33702, 7901 4th St N STE 300\",\"addressLocality\":\"St. Petersburg\",\"postalCode\":\"33702\",\"addressRegion\":\"Florida\",\"addressCountry\":\"US\"},{\"@type\":\"ImageObject\",\"inLanguage\":\"pt-PT\",\"@id\":\"https:\/\/voka.io\/pt\/call-confirmed\/#local-main-organization-logo\",\"url\":\"https:\/\/voka.io\/wp-content\/uploads\/2025\/10\/cropped-Logo-site.png\",\"contentUrl\":\"https:\/\/voka.io\/wp-content\/uploads\/2025\/10\/cropped-Logo-site.png\",\"width\":210,\"height\":48,\"caption\":\"Voka\"}]}<\/script>\n<meta name=\"geo.placename\" content=\"St. Petersburg\" \/>\n<meta name=\"geo.region\" content=\"Estados Unidos\" \/>\n<!-- \/ Yoast SEO Premium plugin. -->","yoast_head_json":{"title":"Chamada confirmada | Voka","robots":{"index":"index","follow":"follow","max-snippet":"max-snippet:-1","max-image-preview":"max-image-preview:large","max-video-preview":"max-video-preview:-1"},"canonical":"https:\/\/voka.io\/pt\/call-confirmed\/","og_locale":"pt_PT","og_type":"article","og_title":"Call confirmed | Voka","og_url":"https:\/\/voka.io\/pt\/call-confirmed\/","og_site_name":"Voka","article_publisher":"https:\/\/www.facebook.com\/VOKA3DAnatomyAndPathology\/","article_modified_time":"2025-11-27T10:19:37+00:00","twitter_card":"summary_large_image","schema":{"@context":"https:\/\/schema.org","@graph":[{"@type":"Article","@id":"https:\/\/voka.io\/pt\/call-confirmed\/#article","isPartOf":{"@id":"https:\/\/voka.io\/pt\/call-confirmed\/"},"author":{"name":"Alesia","@id":"https:\/\/voka.io\/pt\/#\/schema\/person\/ec4998f6f46b8b36823a628ffaf476b8"},"headline":"Call confirmed","datePublished":"2025-11-25T14:27:08+00:00","dateModified":"2025-11-27T10:19:37+00:00","mainEntityOfPage":{"@id":"https:\/\/voka.io\/pt\/call-confirmed\/"},"wordCount":2,"publisher":{"@id":"https:\/\/voka.io\/pt\/#organization"},"inLanguage":"pt-PT"},{"@type":"WebPage","@id":"https:\/\/voka.io\/pt\/call-confirmed\/","url":"https:\/\/voka.io\/pt\/call-confirmed\/","name":"Chamada confirmada | Voka","isPartOf":{"@id":"https:\/\/voka.io\/pt\/#website"},"datePublished":"2025-11-25T14:27:08+00:00","dateModified":"2025-11-27T10:19:37+00:00","breadcrumb":{"@id":"https:\/\/voka.io\/pt\/call-confirmed\/#breadcrumb"},"inLanguage":"pt-PT","potentialAction":[{"@type":"ReadAction","target":["https:\/\/voka.io\/pt\/call-confirmed\/"]}]},{"@type":"BreadcrumbList","@id":"https:\/\/voka.io\/pt\/call-confirmed\/#breadcrumb","itemListElement":[{"@type":"ListItem","position":1,"name":"Home","item":"https:\/\/voka.io\/pt\/"},{"@type":"ListItem","position":2,"name":"Call confirmed"}]},{"@type":"WebSite","@id":"https:\/\/voka.io\/pt\/#website","url":"https:\/\/voka.io\/pt\/","name":"Voka","description":"","publisher":{"@id":"https:\/\/voka.io\/pt\/#organization"},"alternateName":"Voka 3D Medical Visualization","potentialAction":[{"@type":"SearchAction","target":{"@type":"EntryPoint","urlTemplate":"https:\/\/voka.io\/pt\/?s={search_term_string}"},"query-input":{"@type":"PropertyValueSpecification","valueRequired":true,"valueName":"search_term_string"}}],"inLanguage":"pt-PT"},{"@type":["Organization","Place"],"@id":"https:\/\/voka.io\/pt\/#organization","name":"Voka","alternateName":"Voka 3D Medical Visualization","url":"https:\/\/voka.io\/pt\/","logo":{"@id":"https:\/\/voka.io\/pt\/call-confirmed\/#local-main-organization-logo"},"image":{"@id":"https:\/\/voka.io\/pt\/call-confirmed\/#local-main-organization-logo"},"sameAs":["https:\/\/www.facebook.com\/VOKA3DAnatomyAndPathology\/","https:\/\/www.instagram.com\/voka.io\/","https:\/\/www.linkedin.com\/company\/voka-io\/","https:\/\/www.youtube.com\/@vokaio\/","https:\/\/www.pinterest.com\/voka3danatomyandpathology\/","https:\/\/www.tiktok.com\/@voka.io","https:\/\/www.threads.com\/@voka.io"],"description":"A VOKA.io oferece anima\u00e7\u00f5es m\u00e9dicas em 3D e servi\u00e7os personalizados de modelagem 3D. Nosso produto, VOKA 3D Anatomy &amp; Pathology, \u00e9 um atlas digital com mais de 1.000 modelos 3D detalhados da anatomia e patologia humanas, projetado para educa\u00e7\u00e3o m\u00e9dica, treinamento e comunica\u00e7\u00e3o com pacientes.","legalName":"Voka","foundingDate":"2017-02-12","naics":"541512","numberOfEmployees":{"@type":"QuantitativeValue","minValue":"51","maxValue":"200"},"publishingPrinciples":"https:\/\/voka.io\/pt\/publishing-principles\/","address":{"@id":"https:\/\/voka.io\/pt\/call-confirmed\/#local-main-place-address"},"telephone":["+18143514442"],"openingHoursSpecification":{"@type":"OpeningHoursSpecification","dayOfWeek":["Monday","Tuesday","Wednesday","Thursday","Friday","Saturday","Sunday"],"opens":"00:00","closes":"23:59"},"email":"info@voka.io"},{"@type":"Person","@id":"https:\/\/voka.io\/pt\/#\/schema\/person\/ec4998f6f46b8b36823a628ffaf476b8","name":"Al\u00e9sia","image":{"@type":"ImageObject","inLanguage":"pt-PT","@id":"https:\/\/voka.io\/pt\/#\/schema\/person\/image\/","url":"https:\/\/secure.gravatar.com\/avatar\/53bd013acf1f08b274fd500aae4a346eec54975fe33889fb824ab8849dc2bbf5?s=96&d=mm&r=g","contentUrl":"https:\/\/secure.gravatar.com\/avatar\/53bd013acf1f08b274fd500aae4a346eec54975fe33889fb824ab8849dc2bbf5?s=96&d=mm&r=g","caption":"Alesia"}},{"@type":"PostalAddress","@id":"https:\/\/voka.io\/pt\/call-confirmed\/#local-main-place-address","streetAddress":"St. Petersburg FL 33702, 7901 4th St N STE 300","addressLocality":"St. Petersburg","postalCode":"33702","addressRegion":"Florida","addressCountry":"US"},{"@type":"ImageObject","inLanguage":"pt-PT","@id":"https:\/\/voka.io\/pt\/call-confirmed\/#local-main-organization-logo","url":"https:\/\/voka.io\/wp-content\/uploads\/2025\/10\/cropped-Logo-site.png","contentUrl":"https:\/\/voka.io\/wp-content\/uploads\/2025\/10\/cropped-Logo-site.png","width":210,"height":48,"caption":"Voka"}]},"geo.placename":"St. Petersburg","geo.region":"Estados Unidos"},"_links":{"self":[{"href":"https:\/\/voka.io\/pt\/wp-json\/wp\/v2\/pages\/10063","targetHints":{"allow":["GET"]}}],"collection":[{"href":"https:\/\/voka.io\/pt\/wp-json\/wp\/v2\/pages"}],"about":[{"href":"https:\/\/voka.io\/pt\/wp-json\/wp\/v2\/types\/page"}],"author":[{"embeddable":true,"href":"https:\/\/voka.io\/pt\/wp-json\/wp\/v2\/users\/13"}],"replies":[{"embeddable":true,"href":"https:\/\/voka.io\/pt\/wp-json\/wp\/v2\/comments?post=10063"}],"version-history":[{"count":0,"href":"https:\/\/voka.io\/pt\/wp-json\/wp\/v2\/pages\/10063\/revisions"}],"wp:attachment":[{"href":"https:\/\/voka.io\/pt\/wp-json\/wp\/v2\/media?parent=10063"}],"curies":[{"name":"wp","href":"https:\/\/api.w.org\/{rel}","templated":true}]}}